{"id":2,"date":"2024-12-31T16:53:21","date_gmt":"2024-12-31T16:53:21","guid":{"rendered":"https:\/\/bikers-mv.de\/blog\/?page_id=2"},"modified":"2026-01-20T21:25:03","modified_gmt":"2026-01-20T21:25:03","slug":"sample-page","status":"publish","type":"page","link":"https:\/\/bikers-mv.de\/blog\/","title":{"rendered":""},"content":{"rendered":"\n<div class=\"wp-block-media-text is-stacked-on-mobile\" style=\"grid-template-columns:58% auto\"><figure class=\"wp-block-media-text__media\"><img loading=\"lazy\" decoding=\"async\" width=\"1024\" height=\"576\" src=\"https:\/\/bikers-mv.de\/blog\/wp-content\/uploads\/2026\/01\/IMG-20250501-WA0029-1024x576.jpg\" alt=\"\" class=\"wp-image-566 size-full\" srcset=\"https:\/\/bikers-mv.de\/blog\/wp-content\/uploads\/2026\/01\/IMG-20250501-WA0029-1024x576.jpg 1024w, https:\/\/bikers-mv.de\/blog\/wp-content\/uploads\/2026\/01\/IMG-20250501-WA0029-300x169.jpg 300w, https:\/\/bikers-mv.de\/blog\/wp-content\/uploads\/2026\/01\/IMG-20250501-WA0029-768x432.jpg 768w, https:\/\/bikers-mv.de\/blog\/wp-content\/uploads\/2026\/01\/IMG-20250501-WA0029-1536x864.jpg 1536w, https:\/\/bikers-mv.de\/blog\/wp-content\/uploads\/2026\/01\/IMG-20250501-WA0029.jpg 1600w\" sizes=\"auto, (max-width: 1024px) 100vw, 1024px\" \/><\/figure><div class=\"wp-block-media-text__content\">\n<p>Hallo und Moin Moin an alle Biker!<br>Wir sind eine leidenschaftliche Biker-Gemeinschaft aus dem Raum Sternberg in Mecklenburg-Vorpommern. Sch\u00f6n, dass du den Weg zu uns gefunden hast!<\/p>\n\n\n\n<p><\/p>\n<\/div><\/div>\n\n\n\n<div class=\"wp-block-buttons is-layout-flex wp-block-buttons-is-layout-flex\">\n<div class=\"wp-block-button\"><a class=\"wp-block-button__link wp-element-button\" href=\"https:\/\/bikers-mv.de\/blog\/blog\/2026\/01\/17\/ausfahrten-2026-biker-oldies\/\">Hier geht`s zu unseren &#8211;Ausfahrten&#8211; 2026<\/a><\/div>\n<\/div>\n\n\n\n<p><\/p>\n\n\n\n<p class=\"has-yuki-font-xsmall-font-size\"><strong>Die Biker-Gemeinschaft entstand in den fr\u00fchen 1990`iger Jahren, als das Motorradfahren nach der Wende boomte. G\u00fcnstige Motorr\u00e4der und der Wunsch nach Freiheit f\u00fchrten zur Gr\u00fcndung vieler Biker-Clubs, die ein Netzwerk von Gleichgesinnten bieten und gemeinsame Ausfahrten organisieren.<\/strong><\/p>\n\n\n\n<p><strong>Ein zentrales Element unserer Biker-Gemeinschaft ist der Gemeinschaftsgeist, der Freundschaften und enge Bindungen f\u00f6rdert. Gemeinsame Ausfahrten zu Str\u00e4nden oder in die W\u00e4lder st\u00e4rken den Zusammenhalt und bieten Unterst\u00fctzung in schwierigen Zeiten.<\/strong><\/p>\n\n\n\n<p><strong>Die Biker-Gemeinschaft ist auch f\u00fcr ihr soziales Engagement bekannt. Viele Clubs beteiligen sich an Spendenaktionen und Charity-Events, um lokale Einrichtungen zu unterst\u00fctzen. Diese Initiativen st\u00e4rken das Gemeinschaftsgef\u00fchl und verbessern das \u00f6ffentliche Bild der Biker.<\/strong><\/p>\n\n\n\n<p><strong>Trotz positiver Aspekte sehen sich Biker oft mit Vorurteilen konfrontiert und werden als Rowdys wahrgenommen. Die Gemeinschaft bem\u00fcht sich um Aufkl\u00e4rung und stellt sich gegen diese Stereotype durch Veranstaltungen und Dialoge.<\/strong><\/p>\n\n\n\n<p><strong>Die Biker-Gemeinschaft in Mecklenburg-Vorpommern ist mehr als ein Zusammenschluss von Motorradfahrern. Sie f\u00f6rdert Freundschaft, sozialen Austausch und Verantwortungsbewusstsein und ist ein wichtiger Teil der regionalen Kultur.<\/strong><\/p>\n\n\n\n<blockquote class=\"wp-block-quote is-style-plain is-layout-flow wp-block-quote-is-layout-flow\">\n<p><\/p>\n<\/blockquote>\n\n\n<div class=\"flexslider ewic-slider-lite is_on_\" id=\"ewic-con-16469fb1681b51e4\"><style>#ewic-con-16469fb1681b51e4 .flex-direction-nav .flex-next, #ewic-con-16469fb1681b51e4 .flex-direction-nav .flex-prev {opacity: 1;} #ewic-con-16469fb1681b51e4 .flex-direction-nav .flex-next {right: 10px !important; text-align: right !important;} #ewic-con-16469fb1681b51e4 .flex-direction-nav .flex-prev {left: 10px !important;}<\/style><div id=\"preloader-16469fb1681b51e4\" class=\"sliderpreloader\"><\/div><ul style=\"display:none;\" class=\"slides flexslider-16469fb1681b51e4\"><li class=\"ewic-slider\"><a href=\"https:\/\/bikers-mv.de\/blog\/wp-content\/uploads\/2025\/01\/resize-IMG_20240526_101405-scaled.jpg\" title=\"Resize IMG_20240526_101405\" rel=\"ewicprettyPhoto[16469fb1681b51e4]\"><img decoding=\"async\" title=\"Resize IMG_20240526_101405\" class=\"ewic-wid-imgs\" src=\"https:\/\/bikers-mv.de\/blog\/wp-content\/uploads\/2025\/01\/resize-IMG_20240526_101405-scaled.jpg\" \/><p class=\"flex-caption\">Resize IMG_20240526_101405<\/p><\/a><\/li><li class=\"ewic-slider\"><a href=\"https:\/\/bikers-mv.de\/blog\/wp-content\/uploads\/2025\/01\/resize-IMG_20240526_101425-scaled.jpg\" title=\"Resize IMG_20240526_101425\" rel=\"ewicprettyPhoto[16469fb1681b51e4]\"><img decoding=\"async\" title=\"Resize IMG_20240526_101425\" class=\"ewic-wid-imgs\" src=\"https:\/\/bikers-mv.de\/blog\/wp-content\/uploads\/2025\/01\/resize-IMG_20240526_101425-scaled.jpg\" \/><p class=\"flex-caption\">Resize IMG_20240526_101425<\/p><\/a><\/li><li class=\"ewic-slider\"><a href=\"https:\/\/bikers-mv.de\/blog\/wp-content\/uploads\/2025\/01\/resize-IMG_20240622_094909-scaled.jpg\" title=\"Resize IMG_20240622_094909\" rel=\"ewicprettyPhoto[16469fb1681b51e4]\"><img decoding=\"async\" title=\"Resize IMG_20240622_094909\" class=\"ewic-wid-imgs\" src=\"https:\/\/bikers-mv.de\/blog\/wp-content\/uploads\/2025\/01\/resize-IMG_20240622_094909-scaled.jpg\" \/><p class=\"flex-caption\">Resize IMG_20240622_094909<\/p><\/a><\/li><li class=\"ewic-slider\"><a href=\"https:\/\/bikers-mv.de\/blog\/wp-content\/uploads\/2025\/01\/resize-IMG_20240622_095740-scaled.jpg\" title=\"Resize IMG_20240622_095740\" rel=\"ewicprettyPhoto[16469fb1681b51e4]\"><img decoding=\"async\" title=\"Resize IMG_20240622_095740\" class=\"ewic-wid-imgs\" src=\"https:\/\/bikers-mv.de\/blog\/wp-content\/uploads\/2025\/01\/resize-IMG_20240622_095740-scaled.jpg\" \/><p class=\"flex-caption\">Resize IMG_20240622_095740<\/p><\/a><\/li><li class=\"ewic-slider\"><a href=\"https:\/\/bikers-mv.de\/blog\/wp-content\/uploads\/2025\/01\/resize-IMG_20240622_095811-scaled.jpg\" title=\"Resize IMG_20240622_095811\" rel=\"ewicprettyPhoto[16469fb1681b51e4]\"><img decoding=\"async\" title=\"Resize IMG_20240622_095811\" class=\"ewic-wid-imgs\" src=\"https:\/\/bikers-mv.de\/blog\/wp-content\/uploads\/2025\/01\/resize-IMG_20240622_095811-scaled.jpg\" \/><p class=\"flex-caption\">Resize IMG_20240622_095811<\/p><\/a><\/li><li class=\"ewic-slider\"><a href=\"https:\/\/bikers-mv.de\/blog\/wp-content\/uploads\/2025\/01\/resize-IMG_20240526_101355-scaled.jpg\" title=\"Resize IMG_20240526_101355\" rel=\"ewicprettyPhoto[16469fb1681b51e4]\"><img decoding=\"async\" title=\"Resize IMG_20240526_101355\" class=\"ewic-wid-imgs\" src=\"https:\/\/bikers-mv.de\/blog\/wp-content\/uploads\/2025\/01\/resize-IMG_20240526_101355-scaled.jpg\" \/><p class=\"flex-caption\">Resize IMG_20240526_101355<\/p><\/a><\/li><li class=\"ewic-slider\"><a href=\"https:\/\/bikers-mv.de\/blog\/wp-content\/uploads\/2025\/01\/resize-IMG_20240622_094935-scaled.jpg\" title=\"Resize IMG_20240622_094935\" rel=\"ewicprettyPhoto[16469fb1681b51e4]\"><img decoding=\"async\" title=\"Resize IMG_20240622_094935\" class=\"ewic-wid-imgs\" src=\"https:\/\/bikers-mv.de\/blog\/wp-content\/uploads\/2025\/01\/resize-IMG_20240622_094935-scaled.jpg\" \/><p class=\"flex-caption\">Resize IMG_20240622_094935<\/p><\/a><\/li><li class=\"ewic-slider\"><a href=\"https:\/\/bikers-mv.de\/blog\/wp-content\/uploads\/2025\/01\/resize-IMG_20240526_074922-scaled.jpg\" title=\"Resize IMG_20240526_074922\" rel=\"ewicprettyPhoto[16469fb1681b51e4]\"><img decoding=\"async\" title=\"Resize IMG_20240526_074922\" class=\"ewic-wid-imgs\" src=\"https:\/\/bikers-mv.de\/blog\/wp-content\/uploads\/2025\/01\/resize-IMG_20240526_074922-scaled.jpg\" \/><p class=\"flex-caption\">Resize IMG_20240526_074922<\/p><\/a><\/li><li class=\"ewic-slider\"><a href=\"https:\/\/bikers-mv.de\/blog\/wp-content\/uploads\/2025\/01\/resize-IMG_20240310_171843-scaled.jpg\" title=\"Resize IMG_20240310_171843\" rel=\"ewicprettyPhoto[16469fb1681b51e4]\"><img decoding=\"async\" title=\"Resize IMG_20240310_171843\" class=\"ewic-wid-imgs\" src=\"https:\/\/bikers-mv.de\/blog\/wp-content\/uploads\/2025\/01\/resize-IMG_20240310_171843-scaled.jpg\" \/><p class=\"flex-caption\">Resize IMG_20240310_171843<\/p><\/a><\/li><li class=\"ewic-slider\"><a href=\"https:\/\/bikers-mv.de\/blog\/wp-content\/uploads\/2025\/01\/resize-IMG_20240310_171859-scaled.jpg\" title=\"Resize IMG_20240310_171859\" rel=\"ewicprettyPhoto[16469fb1681b51e4]\"><img decoding=\"async\" title=\"Resize IMG_20240310_171859\" class=\"ewic-wid-imgs\" src=\"https:\/\/bikers-mv.de\/blog\/wp-content\/uploads\/2025\/01\/resize-IMG_20240310_171859-scaled.jpg\" \/><p class=\"flex-caption\">Resize IMG_20240310_171859<\/p><\/a><\/li><li class=\"ewic-slider\"><a href=\"https:\/\/bikers-mv.de\/blog\/wp-content\/uploads\/2025\/01\/resize-IMG_20240622_094834-scaled.jpg\" title=\"Resize IMG_20240622_094834\" rel=\"ewicprettyPhoto[16469fb1681b51e4]\"><img decoding=\"async\" title=\"Resize IMG_20240622_094834\" class=\"ewic-wid-imgs\" src=\"https:\/\/bikers-mv.de\/blog\/wp-content\/uploads\/2025\/01\/resize-IMG_20240622_094834-scaled.jpg\" \/><p class=\"flex-caption\">Resize IMG_20240622_094834<\/p><\/a><\/li><li class=\"ewic-slider\"><a href=\"https:\/\/bikers-mv.de\/blog\/wp-content\/uploads\/2025\/01\/resize-IMG_20240526_101419-scaled.jpg\" title=\"Resize IMG_20240526_101419\" rel=\"ewicprettyPhoto[16469fb1681b51e4]\"><img decoding=\"async\" title=\"Resize IMG_20240526_101419\" class=\"ewic-wid-imgs\" src=\"https:\/\/bikers-mv.de\/blog\/wp-content\/uploads\/2025\/01\/resize-IMG_20240526_101419-scaled.jpg\" \/><p class=\"flex-caption\">Resize IMG_20240526_101419<\/p><\/a><\/li><li class=\"ewic-slider\"><a href=\"https:\/\/bikers-mv.de\/blog\/wp-content\/uploads\/2025\/01\/resize-IMG_20240622_095801-scaled.jpg\" title=\"Resize IMG_20240622_095801\" rel=\"ewicprettyPhoto[16469fb1681b51e4]\"><img decoding=\"async\" title=\"Resize IMG_20240622_095801\" class=\"ewic-wid-imgs\" src=\"https:\/\/bikers-mv.de\/blog\/wp-content\/uploads\/2025\/01\/resize-IMG_20240622_095801-scaled.jpg\" \/><p class=\"flex-caption\">Resize IMG_20240622_095801<\/p><\/a><\/li><li class=\"ewic-slider\"><a href=\"https:\/\/bikers-mv.de\/blog\/wp-content\/uploads\/2025\/01\/resize-IMG_20240622_094925-scaled.jpg\" title=\"Resize IMG_20240622_094925\" rel=\"ewicprettyPhoto[16469fb1681b51e4]\"><img decoding=\"async\" title=\"Resize IMG_20240622_094925\" class=\"ewic-wid-imgs\" src=\"https:\/\/bikers-mv.de\/blog\/wp-content\/uploads\/2025\/01\/resize-IMG_20240622_094925-scaled.jpg\" \/><p class=\"flex-caption\">Resize IMG_20240622_094925<\/p><\/a><\/li><li class=\"ewic-slider\"><a href=\"https:\/\/bikers-mv.de\/blog\/wp-content\/uploads\/2025\/01\/resize-IMG_20240622_100257-scaled.jpg\" title=\"Resize IMG_20240622_100257\" rel=\"ewicprettyPhoto[16469fb1681b51e4]\"><img decoding=\"async\" title=\"Resize IMG_20240622_100257\" class=\"ewic-wid-imgs\" src=\"https:\/\/bikers-mv.de\/blog\/wp-content\/uploads\/2025\/01\/resize-IMG_20240622_100257-scaled.jpg\" \/><p class=\"flex-caption\">Resize IMG_20240622_100257<\/p><\/a><\/li><li class=\"ewic-slider\"><a href=\"https:\/\/bikers-mv.de\/blog\/wp-content\/uploads\/2025\/01\/resize-IMG_20240526_074927-scaled.jpg\" title=\"Resize IMG_20240526_074927\" rel=\"ewicprettyPhoto[16469fb1681b51e4]\"><img decoding=\"async\" title=\"Resize IMG_20240526_074927\" class=\"ewic-wid-imgs\" src=\"https:\/\/bikers-mv.de\/blog\/wp-content\/uploads\/2025\/01\/resize-IMG_20240526_074927-scaled.jpg\" \/><p class=\"flex-caption\">Resize IMG_20240526_074927<\/p><\/a><\/li><li class=\"ewic-slider\"><a href=\"https:\/\/bikers-mv.de\/blog\/wp-content\/uploads\/2025\/01\/resize-IMG_20240526_074924-scaled.jpg\" title=\"Resize IMG_20240526_074924\" rel=\"ewicprettyPhoto[16469fb1681b51e4]\"><img decoding=\"async\" title=\"Resize IMG_20240526_074924\" class=\"ewic-wid-imgs\" src=\"https:\/\/bikers-mv.de\/blog\/wp-content\/uploads\/2025\/01\/resize-IMG_20240526_074924-scaled.jpg\" \/><p class=\"flex-caption\">Resize IMG_20240526_074924<\/p><\/a><\/li><li class=\"ewic-slider\"><a href=\"https:\/\/bikers-mv.de\/blog\/wp-content\/uploads\/2025\/01\/resize-IMG_20240622_100302-scaled.jpg\" title=\"Resize IMG_20240622_100302\" rel=\"ewicprettyPhoto[16469fb1681b51e4]\"><img decoding=\"async\" title=\"Resize IMG_20240622_100302\" class=\"ewic-wid-imgs\" src=\"https:\/\/bikers-mv.de\/blog\/wp-content\/uploads\/2025\/01\/resize-IMG_20240622_100302-scaled.jpg\" \/><p class=\"flex-caption\">Resize IMG_20240622_100302<\/p><\/a><\/li><li class=\"ewic-slider\"><a href=\"https:\/\/bikers-mv.de\/blog\/wp-content\/uploads\/2025\/01\/resize-IMG_20240622_094823-scaled.jpg\" title=\"Resize IMG_20240622_094823\" rel=\"ewicprettyPhoto[16469fb1681b51e4]\"><img decoding=\"async\" title=\"Resize IMG_20240622_094823\" class=\"ewic-wid-imgs\" src=\"https:\/\/bikers-mv.de\/blog\/wp-content\/uploads\/2025\/01\/resize-IMG_20240622_094823-scaled.jpg\" \/><p class=\"flex-caption\">Resize IMG_20240622_094823<\/p><\/a><\/li><li class=\"ewic-slider\"><a href=\"https:\/\/bikers-mv.de\/blog\/wp-content\/uploads\/2025\/01\/resize-IMG_20240310_171754-scaled.jpg\" title=\"Resize IMG_20240310_171754\" rel=\"ewicprettyPhoto[16469fb1681b51e4]\"><img decoding=\"async\" title=\"Resize IMG_20240310_171754\" class=\"ewic-wid-imgs\" src=\"https:\/\/bikers-mv.de\/blog\/wp-content\/uploads\/2025\/01\/resize-IMG_20240310_171754-scaled.jpg\" \/><p class=\"flex-caption\">Resize IMG_20240310_171754<\/p><\/a><\/li><li class=\"ewic-slider\"><a href=\"https:\/\/bikers-mv.de\/blog\/wp-content\/uploads\/2025\/01\/resize-IMG_20240622_100247-scaled.jpg\" title=\"Resize IMG_20240622_100247\" rel=\"ewicprettyPhoto[16469fb1681b51e4]\"><img decoding=\"async\" title=\"Resize IMG_20240622_100247\" class=\"ewic-wid-imgs\" src=\"https:\/\/bikers-mv.de\/blog\/wp-content\/uploads\/2025\/01\/resize-IMG_20240622_100247-scaled.jpg\" \/><p class=\"flex-caption\">Resize IMG_20240622_100247<\/p><\/a><\/li><li class=\"ewic-slider\"><a href=\"https:\/\/bikers-mv.de\/blog\/wp-content\/uploads\/2025\/01\/resize-IMG_20240802_125754-scaled.jpg\" title=\"Resize IMG_20240802_125754\" rel=\"ewicprettyPhoto[16469fb1681b51e4]\"><img decoding=\"async\" title=\"Resize IMG_20240802_125754\" class=\"ewic-wid-imgs\" src=\"https:\/\/bikers-mv.de\/blog\/wp-content\/uploads\/2025\/01\/resize-IMG_20240802_125754-scaled.jpg\" \/><p class=\"flex-caption\">Resize IMG_20240802_125754<\/p><\/a><\/li><li class=\"ewic-slider\"><a href=\"https:\/\/bikers-mv.de\/blog\/wp-content\/uploads\/2025\/01\/resize-IMG_20240802_125448-scaled.jpg\" title=\"Resize IMG_20240802_125448\" rel=\"ewicprettyPhoto[16469fb1681b51e4]\"><img decoding=\"async\" title=\"Resize IMG_20240802_125448\" class=\"ewic-wid-imgs\" src=\"https:\/\/bikers-mv.de\/blog\/wp-content\/uploads\/2025\/01\/resize-IMG_20240802_125448-scaled.jpg\" \/><p class=\"flex-caption\">Resize IMG_20240802_125448<\/p><\/a><\/li><li class=\"ewic-slider\"><a href=\"https:\/\/bikers-mv.de\/blog\/wp-content\/uploads\/2025\/01\/resize-IMG_20240802_125510-scaled.jpg\" title=\"Resize IMG_20240802_125510\" rel=\"ewicprettyPhoto[16469fb1681b51e4]\"><img decoding=\"async\" title=\"Resize IMG_20240802_125510\" class=\"ewic-wid-imgs\" src=\"https:\/\/bikers-mv.de\/blog\/wp-content\/uploads\/2025\/01\/resize-IMG_20240802_125510-scaled.jpg\" \/><p class=\"flex-caption\">Resize IMG_20240802_125510<\/p><\/a><\/li><li class=\"ewic-slider\"><a href=\"https:\/\/bikers-mv.de\/blog\/wp-content\/uploads\/2025\/01\/IMG_20240526_102833.jpg\" title=\"IMG_20240526_102833\" rel=\"ewicprettyPhoto[16469fb1681b51e4]\"><img decoding=\"async\" title=\"IMG_20240526_102833\" class=\"ewic-wid-imgs\" src=\"https:\/\/bikers-mv.de\/blog\/wp-content\/uploads\/2025\/01\/IMG_20240526_102833.jpg\" \/><p class=\"flex-caption\">IMG_20240526_102833<\/p><\/a><\/li><li class=\"ewic-slider\"><a href=\"https:\/\/bikers-mv.de\/blog\/wp-content\/uploads\/2025\/01\/IMG_20240526_102830.jpg\" title=\"IMG_20240526_102830\" rel=\"ewicprettyPhoto[16469fb1681b51e4]\"><img decoding=\"async\" title=\"IMG_20240526_102830\" class=\"ewic-wid-imgs\" src=\"https:\/\/bikers-mv.de\/blog\/wp-content\/uploads\/2025\/01\/IMG_20240526_102830.jpg\" \/><p class=\"flex-caption\">IMG_20240526_102830<\/p><\/a><\/li><li class=\"ewic-slider\"><a href=\"https:\/\/bikers-mv.de\/blog\/wp-content\/uploads\/2025\/01\/resize-IMG_20240526_102833.jpg\" title=\"Resize IMG_20240526_102833\" rel=\"ewicprettyPhoto[16469fb1681b51e4]\"><img decoding=\"async\" title=\"Resize IMG_20240526_102833\" class=\"ewic-wid-imgs\" src=\"https:\/\/bikers-mv.de\/blog\/wp-content\/uploads\/2025\/01\/resize-IMG_20240526_102833.jpg\" \/><p class=\"flex-caption\">Resize IMG_20240526_102833<\/p><\/a><\/li><li class=\"ewic-slider\"><a href=\"https:\/\/bikers-mv.de\/blog\/wp-content\/uploads\/2025\/01\/resize-IMG_20240622_094906-scaled.jpg\" title=\"Resize IMG_20240622_094906\" rel=\"ewicprettyPhoto[16469fb1681b51e4]\"><img decoding=\"async\" title=\"Resize IMG_20240622_094906\" class=\"ewic-wid-imgs\" src=\"https:\/\/bikers-mv.de\/blog\/wp-content\/uploads\/2025\/01\/resize-IMG_20240622_094906-scaled.jpg\" \/><p class=\"flex-caption\">Resize IMG_20240622_094906<\/p><\/a><\/li><li class=\"ewic-slider\"><a href=\"https:\/\/bikers-mv.de\/blog\/wp-content\/uploads\/2025\/01\/resize-IMG_20240802_125459-scaled.jpg\" title=\"Resize IMG_20240802_125459\" rel=\"ewicprettyPhoto[16469fb1681b51e4]\"><img decoding=\"async\" title=\"Resize IMG_20240802_125459\" class=\"ewic-wid-imgs\" src=\"https:\/\/bikers-mv.de\/blog\/wp-content\/uploads\/2025\/01\/resize-IMG_20240802_125459-scaled.jpg\" \/><p class=\"flex-caption\">Resize IMG_20240802_125459<\/p><\/a><\/li><li class=\"ewic-slider\"><a href=\"https:\/\/bikers-mv.de\/blog\/wp-content\/uploads\/2025\/01\/resize-IMG_20240802_125439-scaled.jpg\" title=\"Resize IMG_20240802_125439\" rel=\"ewicprettyPhoto[16469fb1681b51e4]\"><img decoding=\"async\" title=\"Resize IMG_20240802_125439\" class=\"ewic-wid-imgs\" src=\"https:\/\/bikers-mv.de\/blog\/wp-content\/uploads\/2025\/01\/resize-IMG_20240802_125439-scaled.jpg\" \/><p class=\"flex-caption\">Resize IMG_20240802_125439<\/p><\/a><\/li><li class=\"ewic-slider\"><a href=\"https:\/\/bikers-mv.de\/blog\/wp-content\/uploads\/2025\/01\/resize-IMG_20240802_125517-scaled.jpg\" title=\"Resize IMG_20240802_125517\" rel=\"ewicprettyPhoto[16469fb1681b51e4]\"><img decoding=\"async\" title=\"Resize IMG_20240802_125517\" class=\"ewic-wid-imgs\" src=\"https:\/\/bikers-mv.de\/blog\/wp-content\/uploads\/2025\/01\/resize-IMG_20240802_125517-scaled.jpg\" \/><p class=\"flex-caption\">Resize IMG_20240802_125517<\/p><\/a><\/li><li class=\"ewic-slider\"><a href=\"https:\/\/bikers-mv.de\/blog\/wp-content\/uploads\/2025\/01\/resize-IMG_20240802_125717-scaled.jpg\" title=\"Resize IMG_20240802_125717\" rel=\"ewicprettyPhoto[16469fb1681b51e4]\"><img decoding=\"async\" title=\"Resize IMG_20240802_125717\" class=\"ewic-wid-imgs\" src=\"https:\/\/bikers-mv.de\/blog\/wp-content\/uploads\/2025\/01\/resize-IMG_20240802_125717-scaled.jpg\" \/><p class=\"flex-caption\">Resize IMG_20240802_125717<\/p><\/a><\/li><li class=\"ewic-slider\"><a href=\"https:\/\/bikers-mv.de\/blog\/wp-content\/uploads\/2025\/01\/resize-IMG_20240622_094919-scaled.jpg\" title=\"Resize IMG_20240622_094919\" rel=\"ewicprettyPhoto[16469fb1681b51e4]\"><img decoding=\"async\" title=\"Resize IMG_20240622_094919\" class=\"ewic-wid-imgs\" src=\"https:\/\/bikers-mv.de\/blog\/wp-content\/uploads\/2025\/01\/resize-IMG_20240622_094919-scaled.jpg\" \/><p class=\"flex-caption\">Resize IMG_20240622_094919<\/p><\/a><\/li><li class=\"ewic-slider\"><a href=\"https:\/\/bikers-mv.de\/blog\/wp-content\/uploads\/2025\/01\/resize-IMG_20240802_125537-scaled.jpg\" title=\"Resize IMG_20240802_125537\" rel=\"ewicprettyPhoto[16469fb1681b51e4]\"><img decoding=\"async\" title=\"Resize IMG_20240802_125537\" class=\"ewic-wid-imgs\" src=\"https:\/\/bikers-mv.de\/blog\/wp-content\/uploads\/2025\/01\/resize-IMG_20240802_125537-scaled.jpg\" \/><p class=\"flex-caption\">Resize IMG_20240802_125537<\/p><\/a><\/li><li class=\"ewic-slider\"><a href=\"https:\/\/bikers-mv.de\/blog\/wp-content\/uploads\/2025\/01\/resize-IMG_20240802_125437-scaled.jpg\" title=\"Resize IMG_20240802_125437\" rel=\"ewicprettyPhoto[16469fb1681b51e4]\"><img decoding=\"async\" title=\"Resize IMG_20240802_125437\" class=\"ewic-wid-imgs\" src=\"https:\/\/bikers-mv.de\/blog\/wp-content\/uploads\/2025\/01\/resize-IMG_20240802_125437-scaled.jpg\" \/><p class=\"flex-caption\">Resize IMG_20240802_125437<\/p><\/a><\/li><li class=\"ewic-slider\"><a href=\"https:\/\/bikers-mv.de\/blog\/wp-content\/uploads\/2025\/01\/resize-IMG_20240526_102830.jpg\" title=\"Resize IMG_20240526_102830\" rel=\"ewicprettyPhoto[16469fb1681b51e4]\"><img decoding=\"async\" title=\"Resize IMG_20240526_102830\" class=\"ewic-wid-imgs\" src=\"https:\/\/bikers-mv.de\/blog\/wp-content\/uploads\/2025\/01\/resize-IMG_20240526_102830.jpg\" \/><p class=\"flex-caption\">Resize IMG_20240526_102830<\/p><\/a><\/li><\/ul><script type=\"text\/javascript\">\r\n\tjQuery(document).ready(function($) {\r\n\r\n\t\t$(\"#preloader-16469fb1681b51e4\").fadeOut(500, function () {\r\n\r\n\t\t\t$(\"#ewic-con-16469fb1681b51e4\").addClass(\"ready_to_show\");\r\n\r\n\t\t\t$(\"a[rel^='ewicprettyPhoto[16469fb1681b51e4]']\").ewcPhoto({\r\n\t\t\t\ttheme: \"ewc_default\",\r\n\t\t\t\tallow_expand: false,\r\n\t\t\t\tdeeplinking: false,\r\n\t\t\t\tslideshow:7000,\r\n\t\t\t\tautoplay_slideshow:true,\r\n\t\t\t\tsocial_tools:false\r\n\t\t\t});\r\n\r\n\t\t\t$(\".flexslider-16469fb1681b51e4\").fadeIn(300);\r\n\r\n\t\t\t$(\"#ewic-con-16469fb1681b51e4\").flexslider({\r\n\t\t\t\tanimation: \"slide\",\r\n\t\t\t\tanimationSpeed: 0,\r\n\t\t\t\tuseCSS: false,\r\n\t\t\t\teasing: \"easeInCubic\",\r\n\t\t\t\tdirection: \"horizontal\",\r\n\t\t\t\tslideshow: true,\r\n\t\t\t\tsmoothHeight: true,\r\n\t\t\t\tpauseOnHover: true,\r\n\t\t\t\tcontrolNav: false,\r\n\t\t\t\tprevText: \"\",\r\n\t\t\t\tnextText: \"\",\r\n\t\t\t\trtl: false,\r\n\t\t\t\tslideshowSpeed: 5000,\r\n\t\t\t\tstart: function(slider){\r\n\t\t\t\t\t$(\"#ewic-con-16469fb1681b51e4\").find(\".flex-caption\").hide();\r\n\t\t\t\t\tvar curSlide = slider.find(\"li.flex-active-slide\");\r\n\t\t\t\t\t$(curSlide).find(\".flex-caption\").slideDown();\r\n\t\t\t\t},\r\n\t\t\t\tbefore: function(slider) {\r\n\t\t\t\t\t$(\"#ewic-con-16469fb1681b51e4\").find(\".flex-caption\").slideUp();\r\n\t\t\t\t},\r\n\t\t\t\tafter: function(slider) {\r\n\t\t\t\t\tvar curSlide = slider.find(\"li.flex-active-slide\");\r\n\t\t\t\t\t$(curSlide).find(\".flex-caption\").slideDown();\r\n\t\t\t\t}\r\n\r\n\t\t\t});\r\n\r\n\t\t});\r\n\r\n\t});\r\n<\/script><\/div>\r\n\n\n\n<div class=\"wp-block-buttons alignwide is-content-justification-space-between is-layout-flex wp-container-core-buttons-is-layout-3d213aab wp-block-buttons-is-layout-flex\">\n<div class=\"wp-block-button has-custom-width wp-block-button__width-50\"><a class=\"wp-block-button__link wp-element-button\" href=\"https:\/\/bikers-mv.de\/blog\/blog\/2026\/01\/17\/ausfahrten-2026-biker-oldies\/\">Hier geht`s zu unseren &#8211;Ausfahrten&#8211; 2026<\/a><\/div>\n<\/div>\n\n\n\n<p><\/p>\n","protected":false},"excerpt":{"rendered":"<p>Hallo und Moin Moin an alle Biker!Wir sind eine leidenschaftliche Biker-Gemeinschaft aus dem Raum Sternberg in &hellip; <a title=\"Klein-alles\" class=\"hm-read-more\" href=\"https:\/\/bikers-mv.de\/blog\/easyimagesldr\/klein-alles\/\"><span class=\"screen-reader-text\">Klein-alles<\/span>Weiterlesen<\/a><\/p>\n","protected":false},"author":1,"featured_media":10,"parent":0,"menu_order":0,"comment_status":"closed","ping_status":"open","template":"","meta":{"footnotes":""},"class_list":["post-2","page","type-page","status-publish","has-post-thumbnail","hentry"],"_links":{"self":[{"href":"https:\/\/bikers-mv.de\/blog\/wp-json\/wp\/v2\/pages\/2","targetHints":{"allow":["GET"]}}],"collection":[{"href":"https:\/\/bikers-mv.de\/blog\/wp-json\/wp\/v2\/pages"}],"about":[{"href":"https:\/\/bikers-mv.de\/blog\/wp-json\/wp\/v2\/types\/page"}],"author":[{"embeddable":true,"href":"https:\/\/bikers-mv.de\/blog\/wp-json\/wp\/v2\/users\/1"}],"replies":[{"embeddable":true,"href":"https:\/\/bikers-mv.de\/blog\/wp-json\/wp\/v2\/comments?post=2"}],"version-history":[{"count":26,"href":"https:\/\/bikers-mv.de\/blog\/wp-json\/wp\/v2\/pages\/2\/revisions"}],"predecessor-version":[{"id":748,"href":"https:\/\/bikers-mv.de\/blog\/wp-json\/wp\/v2\/pages\/2\/revisions\/748"}],"wp:featuredmedia":[{"embeddable":true,"href":"https:\/\/bikers-mv.de\/blog\/wp-json\/wp\/v2\/media\/10"}],"wp:attachment":[{"href":"https:\/\/bikers-mv.de\/blog\/wp-json\/wp\/v2\/media?parent=2"}],"curies":[{"name":"wp","href":"https:\/\/api.w.org\/{rel}","templated":true}]}}